{"id":1090,"date":"2021-12-28T20:12:01","date_gmt":"2021-12-28T20:12:01","guid":{"rendered":"https:\/\/demo.creativethemes.com\/elementor\/garderobe\/?page_id=1090"},"modified":"2024-10-20T15:26:00","modified_gmt":"2024-10-20T13:26:00","slug":"a-propos-de-nous","status":"publish","type":"page","link":"https:\/\/bijouxkabyles.fr\/?page_id=1090","title":{"rendered":"\u00c0 propos de nous"},"content":{"rendered":"\t\t<div data-elementor-type=\"wp-page\" data-elementor-id=\"1090\" class=\"elementor elementor-1090\">\n\t\t\t\t\t\t<section class=\"elementor-section elementor-top-section elementor-element elementor-element-6acda23 elementor-section-content-middle elementor-section-boxed elementor-section-height-default elementor-section-height-default\" data-id=\"6acda23\" data-element_type=\"section\" data-e-type=\"section\" data-settings=\"{&quot;background_background&quot;:&quot;classic&quot;}\">\n\t\t\t\t\t\t<div class=\"elementor-container elementor-column-gap-custom\">\n\t\t\t\t\t<div class=\"elementor-column elementor-col-100 elementor-top-column elementor-element elementor-element-d906750\" data-id=\"d906750\" data-element_type=\"column\" data-e-type=\"column\">\n\t\t\t<div class=\"elementor-widget-wrap\">\n\t\t\t\t\t\t\t<\/div>\n\t\t<\/div>\n\t\t\t\t\t<\/div>\n\t\t<\/section>\n\t\t<div class=\"elementor-element elementor-element-53e30a8 e-con-full e-flex e-con e-parent\" data-id=\"53e30a8\" data-element_type=\"container\" data-e-type=\"container\">\n\t\t\t\t<div class=\"elementor-element elementor-element-d38cab7 elementor-widget elementor-widget-heading\" data-id=\"d38cab7\" data-element_type=\"widget\" data-e-type=\"widget\" data-widget_type=\"heading.default\">\n\t\t\t\t<div class=\"elementor-widget-container\">\n\t\t\t\t\t<h2 class=\"elementor-heading-title elementor-size-default\">\u00c0 propos de BijouxKabyles.fr<\/h2>\t\t\t\t<\/div>\n\t\t\t\t<\/div>\n\t\t\t\t<\/div>\n\t\t<div class=\"elementor-element elementor-element-fa301ab e-flex e-con-boxed e-con e-parent\" data-id=\"fa301ab\" data-element_type=\"container\" data-e-type=\"container\">\n\t\t\t\t\t<div class=\"e-con-inner\">\n\t\t\t\t<div class=\"elementor-element elementor-element-39b2af5 elementor-widget elementor-widget-text-editor\" data-id=\"39b2af5\" data-element_type=\"widget\" data-e-type=\"widget\" data-widget_type=\"text-editor.default\">\n\t\t\t\t<div class=\"elementor-widget-container\">\n\t\t\t\t\t\t\t\t\t<p>Je m&rsquo;appelle Sofiane, bijoutier d\u2019origine kabyle, et j\u2019ai grandi dans l\u2019art de la bijouterie traditionnelle en Kabylie. Fort de plusieurs ann\u00e9es d\u2019exp\u00e9rience, j\u2019ai perfectionn\u00e9 mon savoir-faire dans notre atelier familial, o\u00f9 des artisans passionn\u00e9s travaillent \u00e0 mes c\u00f4t\u00e9s pour cr\u00e9er des bijoux kabyles authentiques.<\/p><p>Dans notre atelier, nous fabriquons chaque bijou avec des mat\u00e9riaux de qualit\u00e9, en utilisant du v\u00e9ritable corail et des techniques transmises de g\u00e9n\u00e9ration en g\u00e9n\u00e9ration. Chaque pi\u00e8ce est unique, empreinte de la culture kabyle et du savoir-faire traditionnel qui fait la renomm\u00e9e de nos bijoux.<\/p><p>Avec notre bijouterie kabyle en France, *Bijoux Traditionnelle*, nous avons d\u00e9cid\u00e9 de partager ce tr\u00e9sor culturel pour faire d\u00e9couvrir et appr\u00e9cier la beaut\u00e9 des bijoux kabyles. Avec notre \u00e9quipe d\u2019artisans d\u00e9vou\u00e9s, nous nous engageons \u00e0 vous offrir des cr\u00e9ations originales qui portent en elles toute l&rsquo;\u00e2me de la Kabylie.<\/p><p>Chez *bijouxkabyles.fr*, vous pouvez \u00eatre assur\u00e9s de la qualit\u00e9 et de l&rsquo;authenticit\u00e9 de nos bijoux, faits main avec soin et passion. Nous esp\u00e9rons que ces pi\u00e8ces uniques apporteront une touche de notre culture \u00e0 votre style et que vous ressentirez, \u00e0 travers elles, notre amour pour cet art ancestral.<\/p>\t\t\t\t\t\t\t\t<\/div>\n\t\t\t\t<\/div>\n\t\t\t\t\t<\/div>\n\t\t\t\t<\/div>\n\t\t\t\t<\/div>\n\t\t","protected":false},"excerpt":{"rendered":"<p>\u00c0 propos de BijouxKabyles.fr Je m&rsquo;appelle Sofiane, bijoutier d\u2019origine kabyle, et j\u2019ai grandi dans l\u2019art de la bijouterie traditionnelle en Kabylie. Fort de plusieurs ann\u00e9es d\u2019exp\u00e9rience, j\u2019ai perfectionn\u00e9 mon savoir-faire dans notre atelier familial, o\u00f9 des artisans passionn\u00e9s travaillent \u00e0 mes c\u00f4t\u00e9s pour cr\u00e9er des bijoux kabyles authentiques. Dans notre atelier, nous fabriquons chaque bijou [&hellip;]<\/p>\n","protected":false},"author":1,"featured_media":0,"parent":0,"menu_order":0,"comment_status":"closed","ping_status":"closed","template":"","meta":{"ocean_post_layout":"","ocean_both_sidebars_style":"","ocean_both_sidebars_content_width":0,"ocean_both_sidebars_sidebars_width":0,"ocean_sidebar":"","ocean_second_sidebar":"","ocean_disable_margins":"enable","ocean_add_body_class":"","ocean_shortcode_before_top_bar":"","ocean_shortcode_after_top_bar":"","ocean_shortcode_before_header":"","ocean_shortcode_after_header":"","ocean_has_shortcode":"","ocean_shortcode_after_title":"","ocean_shortcode_before_footer_widgets":"","ocean_shortcode_after_footer_widgets":"","ocean_shortcode_before_footer_bottom":"","ocean_shortcode_after_footer_bottom":"","ocean_display_top_bar":"default","ocean_display_header":"default","ocean_header_style":"","ocean_center_header_left_menu":"","ocean_custom_header_template":"","ocean_custom_logo":0,"ocean_custom_retina_logo":0,"ocean_custom_logo_max_width":0,"ocean_custom_logo_tablet_max_width":0,"ocean_custom_logo_mobile_max_width":0,"ocean_custom_logo_max_height":0,"ocean_custom_logo_tablet_max_height":0,"ocean_custom_logo_mobile_max_height":0,"ocean_header_custom_menu":"","ocean_menu_typo_font_family":"","ocean_menu_typo_font_subset":"","ocean_menu_typo_font_size":0,"ocean_menu_typo_font_size_tablet":0,"ocean_menu_typo_font_size_mobile":0,"ocean_menu_typo_font_size_unit":"px","ocean_menu_typo_font_weight":"","ocean_menu_typo_font_weight_tablet":"","ocean_menu_typo_font_weight_mobile":"","ocean_menu_typo_transform":"","ocean_menu_typo_transform_tablet":"","ocean_menu_typo_transform_mobile":"","ocean_menu_typo_line_height":0,"ocean_menu_typo_line_height_tablet":0,"ocean_menu_typo_line_height_mobile":0,"ocean_menu_typo_line_height_unit":"","ocean_menu_typo_spacing":0,"ocean_menu_typo_spacing_tablet":0,"ocean_menu_typo_spacing_mobile":0,"ocean_menu_typo_spacing_unit":"","ocean_menu_link_color":"","ocean_menu_link_color_hover":"","ocean_menu_link_color_active":"","ocean_menu_link_background":"","ocean_menu_link_hover_background":"","ocean_menu_link_active_background":"","ocean_menu_social_links_bg":"","ocean_menu_social_hover_links_bg":"","ocean_menu_social_links_color":"","ocean_menu_social_hover_links_color":"","ocean_disable_title":"default","ocean_disable_heading":"default","ocean_post_title":"","ocean_post_subheading":"","ocean_post_title_style":"","ocean_post_title_background_color":"","ocean_post_title_background":0,"ocean_post_title_bg_image_position":"","ocean_post_title_bg_image_attachment":"","ocean_post_title_bg_image_repeat":"","ocean_post_title_bg_image_size":"","ocean_post_title_height":0,"ocean_post_title_bg_overlay":0.5,"ocean_post_title_bg_overlay_color":"","ocean_disable_breadcrumbs":"default","ocean_breadcrumbs_color":"","ocean_breadcrumbs_separator_color":"","ocean_breadcrumbs_links_color":"","ocean_breadcrumbs_links_hover_color":"","ocean_display_footer_widgets":"default","ocean_display_footer_bottom":"default","ocean_custom_footer_template":"","footnotes":""},"class_list":["post-1090","page","type-page","status-publish","hentry","entry","owp-thumbs-layout-horizontal","owp-btn-normal","owp-tabs-layout-horizontal","has-no-thumbnails","has-product-nav","circle-sale"],"_links":{"self":[{"href":"https:\/\/bijouxkabyles.fr\/index.php?rest_route=\/wp\/v2\/pages\/1090"}],"collection":[{"href":"https:\/\/bijouxkabyles.fr\/index.php?rest_route=\/wp\/v2\/pages"}],"about":[{"href":"https:\/\/bijouxkabyles.fr\/index.php?rest_route=\/wp\/v2\/types\/page"}],"author":[{"embeddable":true,"href":"https:\/\/bijouxkabyles.fr\/index.php?rest_route=\/wp\/v2\/users\/1"}],"replies":[{"embeddable":true,"href":"https:\/\/bijouxkabyles.fr\/index.php?rest_route=%2Fwp%2Fv2%2Fcomments&post=1090"}],"version-history":[{"count":29,"href":"https:\/\/bijouxkabyles.fr\/index.php?rest_route=\/wp\/v2\/pages\/1090\/revisions"}],"predecessor-version":[{"id":2013,"href":"https:\/\/bijouxkabyles.fr\/index.php?rest_route=\/wp\/v2\/pages\/1090\/revisions\/2013"}],"wp:attachment":[{"href":"https:\/\/bijouxkabyles.fr\/index.php?rest_route=%2Fwp%2Fv2%2Fmedia&parent=1090"}],"curies":[{"name":"wp","href":"https:\/\/api.w.org\/{rel}","templated":true}]}}