{"id":1933,"date":"2024-10-18T19:38:22","date_gmt":"2024-10-18T17:38:22","guid":{"rendered":"https:\/\/bijouxkabyles.fr\/?page_id=1933"},"modified":"2024-10-18T19:42:22","modified_gmt":"2024-10-18T17:42:22","slug":"1933-2","status":"publish","type":"page","link":"https:\/\/bijouxkabyles.fr\/?page_id=1933","title":{"rendered":"Terms et conditions"},"content":{"rendered":"<p class=\"has-black-color has-text-color has-link-color wp-elements-eba815f842b97ed2e1203c51a7b53f42\">Conditions G\u00e9n\u00e9rales de Vente<\/p><p class=\"has-black-color has-text-color has-link-color wp-elements-66839e9910098a0b4f7bf04965211a12\">En utilisant le site <em>bijouxkabyles.fr<\/em>, vous acceptez les termes et conditions suivants. Veuillez lire attentivement ces conditions avant de passer commande.<\/p><h4 class=\"wp-block-heading\">1. Objet<\/h4><p class=\"has-black-color has-text-color has-link-color wp-elements-06d7ac75ba3f82f373dc83a3818522b1\">Les pr\u00e9sentes conditions g\u00e9n\u00e9rales de vente r\u00e9gissent les ventes de bijoux kabyles artisanaux par <em>bijouxkabyles.fr<\/em>. Nos produits sont fabriqu\u00e9s avec soin et sont destin\u00e9s \u00e0 promouvoir la culture et le savoir-faire kabyles en France.<\/p><h4 class=\"wp-block-heading\">2. Produits<\/h4><p class=\"has-black-color has-text-color has-link-color wp-elements-4ed409adeb6bcd5c32a868aa0efa0cbb\">Les descriptions et les images des produits sur notre site sont aussi pr\u00e9cises que possible. Cependant, des variations peuvent survenir en raison de la nature artisanale de nos bijoux.<\/p><h4 class=\"wp-block-heading\">3. Commande et Paiement<\/h4><p class=\"has-black-color has-text-color has-link-color wp-elements-0aa1e2ef38547be31a62fce5a36d0de0\">Les commandes peuvent \u00eatre effectu\u00e9es en ligne via notre site. Tous les prix sont indiqu\u00e9s en euros, toutes taxes comprises. Le paiement est requis au moment de la commande et peut \u00eatre effectu\u00e9 par les moyens de paiement disponibles sur notre site.<\/p><h4 class=\"wp-block-heading\">4. Livraison<\/h4><p class=\"has-black-color has-text-color has-link-color wp-elements-01587cf024d898bf043e0ddba84fc1f6\">Nous nous engageons \u00e0 exp\u00e9dier les produits dans un d\u00e9lai de 2 \u00e0 5 jours ouvrables apr\u00e8s confirmation de la commande. Les d\u00e9lais de livraison peuvent varier en fonction de la destination. Nous ne pouvons \u00eatre tenus responsables des retards imputables aux services de livraison.<\/p><h4 class=\"wp-block-heading\">5. Politique de Retour<\/h4><p class=\"has-black-color has-text-color has-link-color wp-elements-f4a14407d2a5eb9291f86ad1448e28e5\">Les retours sont accept\u00e9s dans un d\u00e9lai de <strong>24 heures<\/strong> suivant la r\u00e9ception du produit. Les articles doivent \u00eatre retourn\u00e9s dans leur \u00e9tat d&rsquo;origine, non port\u00e9s et dans leur emballage d&rsquo;origine. Les frais de retour sont \u00e0 la charge du client, sauf en cas de d\u00e9faut du produit ou d\u2019erreur de notre part.<\/p><p class=\"has-black-color has-text-color has-link-color wp-elements-64fa1fb5aa9e34db3550ed96887dfdb7\">Pour initier un retour, veuillez nous contacter \u00e0 l&rsquo;adresse e-mail indiqu\u00e9e sur notre site, en pr\u00e9cisant les d\u00e9tails de votre commande et la raison du retou<\/p><h4 class=\"wp-block-heading\">6. Responsabilit\u00e9<\/h4><p class=\"has-black-color has-text-color has-link-color wp-elements-be8e99fd25cf5582eca61d642a9e14be\">Nous ne serons pas responsables des dommages r\u00e9sultant d\u2019une mauvaise utilisation des produits achet\u00e9s. En cas de produit d\u00e9fectueux, notre responsabilit\u00e9 se limite au remplacement ou au remboursement du produit concern\u00e9.<\/p><h4 class=\"wp-block-heading\">7. Propri\u00e9t\u00e9 Intellectuelle<\/h4><p class=\"has-black-color has-text-color has-link-color wp-elements-fc054045186558b580056c7ed8b4591c\">Tous les \u00e9l\u00e9ments du site <em>bijouxkabyles.fr<\/em>, y compris les images, les textes et le design, sont prot\u00e9g\u00e9s par le droit de la propri\u00e9t\u00e9 intellectuelle. Toute reproduction ou utilisation non autoris\u00e9e de ces \u00e9l\u00e9ments est strictement interdite.<\/p><h4 class=\"wp-block-heading\">8. Protection des Donn\u00e9es<\/h4><p class=\"has-black-color has-text-color has-link-color wp-elements-cadb1c602bb75d54b1420facbd7766c4\">Nous collectons et traitons vos informations personnelles conform\u00e9ment \u00e0 notre [Politique de Confidentialit\u00e9]. Vos donn\u00e9es sont utilis\u00e9es uniquement pour le traitement des commandes et l&rsquo;am\u00e9lioration de notre service client.<\/p><h4 class=\"wp-block-heading\">9. Modifications des Termes et Conditions<\/h4><p class=\"has-black-color has-text-color has-link-color wp-elements-b5a741bca3a67a3fdf63f250a11cb281\"><em>bijouxkabyles.fr<\/em> se r\u00e9serve le droit de modifier ces conditions g\u00e9n\u00e9rales de vente \u00e0 tout moment. Les modifications entreront en vigueur d\u00e8s leur publication sur le site.<\/p><h4 class=\"wp-block-heading\">10. Droit Applicable<\/h4><p class=\"has-black-color has-text-color has-link-color wp-elements-032f4241925b712a63bc2bc9b358cb7a\">Les pr\u00e9sentes conditions g\u00e9n\u00e9rales de vente sont soumises au droit fran\u00e7ais. En cas de litige, une solution amiable sera recherch\u00e9e avant tout recours juridique.<\/p><h4 class=\"wp-block-heading\">11. Contact<\/h4><p class=\"has-black-color has-text-color has-link-color wp-elements-d26472a54e98e482bb1bfa55cefaab86\">Pour toute question ou r\u00e9clamation concernant nos conditions g\u00e9n\u00e9rales de vente, veuillez nous contacter via les informations fournies sur notre site.<\/p><p><\/p>","protected":false},"excerpt":{"rendered":"<p>Conditions G\u00e9n\u00e9rales de Vente En utilisant le site bijouxkabyles.fr, vous acceptez les termes et conditions suivants. Veuillez lire attentivement ces conditions avant de passer commande. 1. Objet Les pr\u00e9sentes conditions g\u00e9n\u00e9rales de vente r\u00e9gissent les ventes de bijoux kabyles artisanaux par bijouxkabyles.fr. Nos produits sont fabriqu\u00e9s avec soin et sont destin\u00e9s \u00e0 promouvoir la culture [&hellip;]<\/p>\n","protected":false},"author":1,"featured_media":0,"parent":0,"menu_order":0,"comment_status":"closed","ping_status":"closed","template":"","meta":{"ocean_post_layout":"","ocean_both_sidebars_style":"","ocean_both_sidebars_content_width":0,"ocean_both_sidebars_sidebars_width":0,"ocean_sidebar":"","ocean_second_sidebar":"","ocean_disable_margins":"enable","ocean_add_body_class":"","ocean_shortcode_before_top_bar":"","ocean_shortcode_after_top_bar":"","ocean_shortcode_before_header":"","ocean_shortcode_after_header":"","ocean_has_shortcode":"","ocean_shortcode_after_title":"","ocean_shortcode_before_footer_widgets":"","ocean_shortcode_after_footer_widgets":"","ocean_shortcode_before_footer_bottom":"","ocean_shortcode_after_footer_bottom":"","ocean_display_top_bar":"default","ocean_display_header":"default","ocean_header_style":"","ocean_center_header_left_menu":"","ocean_custom_header_template":"","ocean_custom_logo":0,"ocean_custom_retina_logo":0,"ocean_custom_logo_max_width":0,"ocean_custom_logo_tablet_max_width":0,"ocean_custom_logo_mobile_max_width":0,"ocean_custom_logo_max_height":0,"ocean_custom_logo_tablet_max_height":0,"ocean_custom_logo_mobile_max_height":0,"ocean_header_custom_menu":"","ocean_menu_typo_font_family":"","ocean_menu_typo_font_subset":"","ocean_menu_typo_font_size":0,"ocean_menu_typo_font_size_tablet":0,"ocean_menu_typo_font_size_mobile":0,"ocean_menu_typo_font_size_unit":"px","ocean_menu_typo_font_weight":"","ocean_menu_typo_font_weight_tablet":"","ocean_menu_typo_font_weight_mobile":"","ocean_menu_typo_transform":"","ocean_menu_typo_transform_tablet":"","ocean_menu_typo_transform_mobile":"","ocean_menu_typo_line_height":0,"ocean_menu_typo_line_height_tablet":0,"ocean_menu_typo_line_height_mobile":0,"ocean_menu_typo_line_height_unit":"","ocean_menu_typo_spacing":0,"ocean_menu_typo_spacing_tablet":0,"ocean_menu_typo_spacing_mobile":0,"ocean_menu_typo_spacing_unit":"","ocean_menu_link_color":"","ocean_menu_link_color_hover":"","ocean_menu_link_color_active":"","ocean_menu_link_background":"","ocean_menu_link_hover_background":"","ocean_menu_link_active_background":"","ocean_menu_social_links_bg":"","ocean_menu_social_hover_links_bg":"","ocean_menu_social_links_color":"","ocean_menu_social_hover_links_color":"","ocean_disable_title":"default","ocean_disable_heading":"default","ocean_post_title":"","ocean_post_subheading":"","ocean_post_title_style":"","ocean_post_title_background_color":"","ocean_post_title_background":0,"ocean_post_title_bg_image_position":"","ocean_post_title_bg_image_attachment":"","ocean_post_title_bg_image_repeat":"","ocean_post_title_bg_image_size":"","ocean_post_title_height":0,"ocean_post_title_bg_overlay":0.5,"ocean_post_title_bg_overlay_color":"","ocean_disable_breadcrumbs":"default","ocean_breadcrumbs_color":"","ocean_breadcrumbs_separator_color":"","ocean_breadcrumbs_links_color":"","ocean_breadcrumbs_links_hover_color":"","ocean_display_footer_widgets":"default","ocean_display_footer_bottom":"default","ocean_custom_footer_template":"","footnotes":""},"class_list":["post-1933","page","type-page","status-publish","hentry","entry","owp-thumbs-layout-horizontal","owp-btn-normal","owp-tabs-layout-horizontal","has-no-thumbnails","has-product-nav","circle-sale"],"_links":{"self":[{"href":"https:\/\/bijouxkabyles.fr\/index.php?rest_route=\/wp\/v2\/pages\/1933"}],"collection":[{"href":"https:\/\/bijouxkabyles.fr\/index.php?rest_route=\/wp\/v2\/pages"}],"about":[{"href":"https:\/\/bijouxkabyles.fr\/index.php?rest_route=\/wp\/v2\/types\/page"}],"author":[{"embeddable":true,"href":"https:\/\/bijouxkabyles.fr\/index.php?rest_route=\/wp\/v2\/users\/1"}],"replies":[{"embeddable":true,"href":"https:\/\/bijouxkabyles.fr\/index.php?rest_route=%2Fwp%2Fv2%2Fcomments&post=1933"}],"version-history":[{"count":2,"href":"https:\/\/bijouxkabyles.fr\/index.php?rest_route=\/wp\/v2\/pages\/1933\/revisions"}],"predecessor-version":[{"id":1939,"href":"https:\/\/bijouxkabyles.fr\/index.php?rest_route=\/wp\/v2\/pages\/1933\/revisions\/1939"}],"wp:attachment":[{"href":"https:\/\/bijouxkabyles.fr\/index.php?rest_route=%2Fwp%2Fv2%2Fmedia&parent=1933"}],"curies":[{"name":"wp","href":"https:\/\/api.w.org\/{rel}","templated":true}]}}