{"id":2110,"date":"2024-10-20T19:01:44","date_gmt":"2024-10-20T17:01:44","guid":{"rendered":"https:\/\/bijouxkabyles.fr\/?post_type=product&#038;p=2110"},"modified":"2024-12-10T08:36:03","modified_gmt":"2024-12-10T07:36:03","slug":"bijoux-kabyles-2","status":"publish","type":"product","link":"https:\/\/bijouxkabyles.fr\/?product=bijoux-kabyles-2","title":{"rendered":"bijoux kabyles en Argent"},"content":{"rendered":"<p>\ud83c\udf38 <strong>Parure Kabyle en Argent et Pierres Turquoise<\/strong> \ud83c\udf38<\/p>\n<p>Sublimez votre tenue avec cette parure kabyle en argent pur et pierres turquoise. Un ensemble exceptionnel avec <span style=\"color: #0000ff;\">collier<\/span>, <span style=\"color: #0000ff;\">bague<\/span>, et <span style=\"color: #0000ff;\">boucles d\u2019oreilles<\/span> qui r\u00e9v\u00e8le la culture kabyle avec \u00e9l\u00e9gance. \ud83d\udc8d\ud83d\udc96<\/p>\n<p>\ud83d\udd39 <span style=\"color: #ff0000;\"><strong>Turquoise \u00c9l\u00e9gante<\/strong> :<\/span> Une touche de fra\u00eecheur et d&rsquo;originalit\u00e9 \ud83c\udf0a\u2728<br \/>\n\u2728<span style=\"color: #ff0000;\"> <strong>Argent Massif<\/strong> :<\/span> Magnifiquement fa\u00e7onn\u00e9 pour une allure authentique \ud83d\udcab\ud83c\udf3a<br \/>\n\ud83d\udca5<span style=\"color: #ff0000;\"> <strong>Style Unique<\/strong> :<\/span> La fusion parfaite de tradition et de tendance \ud83d\udc51\ud83c\udf39<\/p>\n<p>Soyez le centre d\u2019attention avec cet ensemble qui raconte une histoire d\u2019\u00e9l\u00e9gance et d&rsquo;h\u00e9ritage kabyle. Portez-le avec fiert\u00e9 ! \ud83d\udc8e\ud83d\udd25<\/p>\n","protected":false},"excerpt":{"rendered":"<p>\ud83c\udf38 Parure Kabyle en Argent et Pierres Turquoise \ud83c\udf38 Sublimez votre tenue avec cette parure kabyle en argent pur et pierres turquoise. Un ensemble exceptionnel avec collier, bague, et boucles d\u2019oreilles qui r\u00e9v\u00e8le la culture kabyle avec \u00e9l\u00e9gance. \ud83d\udc8d\ud83d\udc96 \ud83d\udd39 Turquoise \u00c9l\u00e9gante : Une touche de fra\u00eecheur et d&rsquo;originalit\u00e9 \ud83c\udf0a\u2728 \u2728 Argent Massif : Magnifiquement [&hellip;]<\/p>\n","protected":false},"featured_media":2380,"comment_status":"closed","ping_status":"closed","template":"","meta":{"ocean_post_layout":"","ocean_both_sidebars_style":"","ocean_both_sidebars_content_width":0,"ocean_both_sidebars_sidebars_width":0,"ocean_sidebar":"0","ocean_second_sidebar":"0","ocean_disable_margins":"enable","ocean_add_body_class":"","ocean_shortcode_before_top_bar":"","ocean_shortcode_after_top_bar":"","ocean_shortcode_before_header":"","ocean_shortcode_after_header":"","ocean_has_shortcode":"","ocean_shortcode_after_title":"","ocean_shortcode_before_footer_widgets":"","ocean_shortcode_after_footer_widgets":"","ocean_shortcode_before_footer_bottom":"","ocean_shortcode_after_footer_bottom":"","ocean_display_top_bar":"default","ocean_display_header":"default","ocean_header_style":"","ocean_center_header_left_menu":"0","ocean_custom_header_template":"0","ocean_custom_logo":0,"ocean_custom_retina_logo":0,"ocean_custom_logo_max_width":0,"ocean_custom_logo_tablet_max_width":0,"ocean_custom_logo_mobile_max_width":0,"ocean_custom_logo_max_height":0,"ocean_custom_logo_tablet_max_height":0,"ocean_custom_logo_mobile_max_height":0,"ocean_header_custom_menu":"0","ocean_menu_typo_font_family":"0","ocean_menu_typo_font_subset":"","ocean_menu_typo_font_size":0,"ocean_menu_typo_font_size_tablet":0,"ocean_menu_typo_font_size_mobile":0,"ocean_menu_typo_font_size_unit":"px","ocean_menu_typo_font_weight":"","ocean_menu_typo_font_weight_tablet":"","ocean_menu_typo_font_weight_mobile":"","ocean_menu_typo_transform":"","ocean_menu_typo_transform_tablet":"","ocean_menu_typo_transform_mobile":"","ocean_menu_typo_line_height":0,"ocean_menu_typo_line_height_tablet":0,"ocean_menu_typo_line_height_mobile":0,"ocean_menu_typo_line_height_unit":"","ocean_menu_typo_spacing":0,"ocean_menu_typo_spacing_tablet":0,"ocean_menu_typo_spacing_mobile":0,"ocean_menu_typo_spacing_unit":"","ocean_menu_link_color":"","ocean_menu_link_color_hover":"","ocean_menu_link_color_active":"","ocean_menu_link_background":"","ocean_menu_link_hover_background":"","ocean_menu_link_active_background":"","ocean_menu_social_links_bg":"","ocean_menu_social_hover_links_bg":"","ocean_menu_social_links_color":"","ocean_menu_social_hover_links_color":"","ocean_disable_title":"default","ocean_disable_heading":"default","ocean_post_title":"","ocean_post_subheading":"","ocean_post_title_style":"","ocean_post_title_background_color":"","ocean_post_title_background":0,"ocean_post_title_bg_image_position":"","ocean_post_title_bg_image_attachment":"","ocean_post_title_bg_image_repeat":"","ocean_post_title_bg_image_size":"","ocean_post_title_height":0,"ocean_post_title_bg_overlay":0.5,"ocean_post_title_bg_overlay_color":"","ocean_disable_breadcrumbs":"default","ocean_breadcrumbs_color":"","ocean_breadcrumbs_separator_color":"","ocean_breadcrumbs_links_color":"","ocean_breadcrumbs_links_hover_color":"","ocean_display_footer_widgets":"default","ocean_display_footer_bottom":"default","ocean_custom_footer_template":"0"},"product_brand":[],"product_cat":[76],"product_tag":[],"class_list":{"0":"post-2110","1":"product","2":"type-product","3":"status-publish","4":"has-post-thumbnail","6":"product_cat-bijoux","8":"entry","9":"has-media","11":"first","12":"outofstock","13":"taxable","14":"shipping-taxable","15":"purchasable","16":"product-type-simple","17":"has-product-nav","18":"col","19":"span_1_of_3","20":"owp-content-center","21":"owp-thumbs-layout-horizontal","22":"owp-btn-normal","23":"owp-tabs-layout-horizontal","25":"circle-sale"},"_links":{"self":[{"href":"https:\/\/bijouxkabyles.fr\/index.php?rest_route=\/wp\/v2\/product\/2110"}],"collection":[{"href":"https:\/\/bijouxkabyles.fr\/index.php?rest_route=\/wp\/v2\/product"}],"about":[{"href":"https:\/\/bijouxkabyles.fr\/index.php?rest_route=\/wp\/v2\/types\/product"}],"replies":[{"embeddable":true,"href":"https:\/\/bijouxkabyles.fr\/index.php?rest_route=%2Fwp%2Fv2%2Fcomments&post=2110"}],"wp:featuredmedia":[{"embeddable":true,"href":"https:\/\/bijouxkabyles.fr\/index.php?rest_route=\/wp\/v2\/media\/2380"}],"wp:attachment":[{"href":"https:\/\/bijouxkabyles.fr\/index.php?rest_route=%2Fwp%2Fv2%2Fmedia&parent=2110"}],"wp:term":[{"taxonomy":"product_brand","embeddable":true,"href":"https:\/\/bijouxkabyles.fr\/index.php?rest_route=%2Fwp%2Fv2%2Fproduct_brand&post=2110"},{"taxonomy":"product_cat","embeddable":true,"href":"https:\/\/bijouxkabyles.fr\/index.php?rest_route=%2Fwp%2Fv2%2Fproduct_cat&post=2110"},{"taxonomy":"product_tag","embeddable":true,"href":"https:\/\/bijouxkabyles.fr\/index.php?rest_route=%2Fwp%2Fv2%2Fproduct_tag&post=2110"}],"curies":[{"name":"wp","href":"https:\/\/api.w.org\/{rel}","templated":true}]}}