{"id":2633,"date":"2024-12-13T11:27:47","date_gmt":"2024-12-13T10:27:47","guid":{"rendered":"https:\/\/bijouxkabyles.fr\/?post_type=product&#038;p=2633"},"modified":"2024-12-13T12:17:16","modified_gmt":"2024-12-13T11:17:16","slug":"bijoux-kabyle-2","status":"publish","type":"product","link":"https:\/\/bijouxkabyles.fr\/?product=bijoux-kabyle-2","title":{"rendered":"Bijoux Kabyle"},"content":{"rendered":"<p>\ud83d\udc8e Ensemble Kabyle en Argent Massif et Corail Rouge \ud83d\udc8e<br \/>\nSublimez votre style avec cet ensemble kabyle unique, enti\u00e8rement r\u00e9alis\u00e9 en argent massif et rehauss\u00e9 de corail rouge naturel. Collier, boucles d\u2019oreilles \u2013 tout est pens\u00e9 pour un look raffin\u00e9. \ud83d\ude0d\u2728<\/p>\n<p>\ud83d\udd34 Corail Rouge Authentique : Une touche de chaleur et d\u2019\u00e9l\u00e9gance \u2764\ufe0f\ud83d\udd25<br \/>\n\u2728 Argent Brillant : Un savoir-faire artisanal kabyle qui inspire \ud83d\udc8e\ud83d\udcab<br \/>\n\ud83c\udf89 Tendance et Tradition : Parfait pour toutes les occasions sp\u00e9ciales \ud83e\udd73\ud83d\udc51<\/p>\n<p>Portez l\u2019authenticit\u00e9 kabyle et laissez votre style raconter une histoire inoubliable. \ud83c\udf1f\ud83d\udc96<\/p>\n","protected":false},"excerpt":{"rendered":"<p>\ud83d\udc8e Ensemble Kabyle en Argent Massif et Corail Rouge \ud83d\udc8e Sublimez votre style avec cet ensemble kabyle unique, enti\u00e8rement r\u00e9alis\u00e9 en argent massif et rehauss\u00e9 de corail rouge naturel. Collier, boucles d\u2019oreilles \u2013 tout est pens\u00e9 pour un look raffin\u00e9. \ud83d\ude0d\u2728 \ud83d\udd34 Corail Rouge Authentique : Une touche de chaleur et d\u2019\u00e9l\u00e9gance \u2764\ufe0f\ud83d\udd25 \u2728 Argent [&hellip;]<\/p>\n","protected":false},"featured_media":2634,"comment_status":"closed","ping_status":"closed","template":"","meta":{"ocean_post_layout":"","ocean_both_sidebars_style":"","ocean_both_sidebars_content_width":0,"ocean_both_sidebars_sidebars_width":0,"ocean_sidebar":"0","ocean_second_sidebar":"0","ocean_disable_margins":"enable","ocean_add_body_class":"","ocean_shortcode_before_top_bar":"","ocean_shortcode_after_top_bar":"","ocean_shortcode_before_header":"","ocean_shortcode_after_header":"","ocean_has_shortcode":"","ocean_shortcode_after_title":"","ocean_shortcode_before_footer_widgets":"","ocean_shortcode_after_footer_widgets":"","ocean_shortcode_before_footer_bottom":"","ocean_shortcode_after_footer_bottom":"","ocean_display_top_bar":"default","ocean_display_header":"default","ocean_header_style":"","ocean_center_header_left_menu":"0","ocean_custom_header_template":"0","ocean_custom_logo":0,"ocean_custom_retina_logo":0,"ocean_custom_logo_max_width":0,"ocean_custom_logo_tablet_max_width":0,"ocean_custom_logo_mobile_max_width":0,"ocean_custom_logo_max_height":0,"ocean_custom_logo_tablet_max_height":0,"ocean_custom_logo_mobile_max_height":0,"ocean_header_custom_menu":"0","ocean_menu_typo_font_family":"0","ocean_menu_typo_font_subset":"","ocean_menu_typo_font_size":0,"ocean_menu_typo_font_size_tablet":0,"ocean_menu_typo_font_size_mobile":0,"ocean_menu_typo_font_size_unit":"px","ocean_menu_typo_font_weight":"","ocean_menu_typo_font_weight_tablet":"","ocean_menu_typo_font_weight_mobile":"","ocean_menu_typo_transform":"","ocean_menu_typo_transform_tablet":"","ocean_menu_typo_transform_mobile":"","ocean_menu_typo_line_height":0,"ocean_menu_typo_line_height_tablet":0,"ocean_menu_typo_line_height_mobile":0,"ocean_menu_typo_line_height_unit":"","ocean_menu_typo_spacing":0,"ocean_menu_typo_spacing_tablet":0,"ocean_menu_typo_spacing_mobile":0,"ocean_menu_typo_spacing_unit":"","ocean_menu_link_color":"","ocean_menu_link_color_hover":"","ocean_menu_link_color_active":"","ocean_menu_link_background":"","ocean_menu_link_hover_background":"","ocean_menu_link_active_background":"","ocean_menu_social_links_bg":"","ocean_menu_social_hover_links_bg":"","ocean_menu_social_links_color":"","ocean_menu_social_hover_links_color":"","ocean_disable_title":"default","ocean_disable_heading":"default","ocean_post_title":"","ocean_post_subheading":"","ocean_post_title_style":"","ocean_post_title_background_color":"","ocean_post_title_background":0,"ocean_post_title_bg_image_position":"","ocean_post_title_bg_image_attachment":"","ocean_post_title_bg_image_repeat":"","ocean_post_title_bg_image_size":"","ocean_post_title_height":0,"ocean_post_title_bg_overlay":0.5,"ocean_post_title_bg_overlay_color":"","ocean_disable_breadcrumbs":"default","ocean_breadcrumbs_color":"","ocean_breadcrumbs_separator_color":"","ocean_breadcrumbs_links_color":"","ocean_breadcrumbs_links_hover_color":"","ocean_display_footer_widgets":"default","ocean_display_footer_bottom":"default","ocean_custom_footer_template":"0"},"product_brand":[],"product_cat":[15],"product_tag":[],"class_list":{"0":"post-2633","1":"product","2":"type-product","3":"status-publish","4":"has-post-thumbnail","6":"product_cat-non-classe","8":"entry","9":"has-media","11":"first","12":"instock","13":"taxable","14":"shipping-taxable","15":"purchasable","16":"product-type-simple","17":"has-product-nav","18":"col","19":"span_1_of_3","20":"owp-content-center","21":"owp-thumbs-layout-horizontal","22":"owp-btn-normal","23":"owp-tabs-layout-horizontal","25":"circle-sale"},"_links":{"self":[{"href":"https:\/\/bijouxkabyles.fr\/index.php?rest_route=\/wp\/v2\/product\/2633"}],"collection":[{"href":"https:\/\/bijouxkabyles.fr\/index.php?rest_route=\/wp\/v2\/product"}],"about":[{"href":"https:\/\/bijouxkabyles.fr\/index.php?rest_route=\/wp\/v2\/types\/product"}],"replies":[{"embeddable":true,"href":"https:\/\/bijouxkabyles.fr\/index.php?rest_route=%2Fwp%2Fv2%2Fcomments&post=2633"}],"wp:featuredmedia":[{"embeddable":true,"href":"https:\/\/bijouxkabyles.fr\/index.php?rest_route=\/wp\/v2\/media\/2634"}],"wp:attachment":[{"href":"https:\/\/bijouxkabyles.fr\/index.php?rest_route=%2Fwp%2Fv2%2Fmedia&parent=2633"}],"wp:term":[{"taxonomy":"product_brand","embeddable":true,"href":"https:\/\/bijouxkabyles.fr\/index.php?rest_route=%2Fwp%2Fv2%2Fproduct_brand&post=2633"},{"taxonomy":"product_cat","embeddable":true,"href":"https:\/\/bijouxkabyles.fr\/index.php?rest_route=%2Fwp%2Fv2%2Fproduct_cat&post=2633"},{"taxonomy":"product_tag","embeddable":true,"href":"https:\/\/bijouxkabyles.fr\/index.php?rest_route=%2Fwp%2Fv2%2Fproduct_tag&post=2633"}],"curies":[{"name":"wp","href":"https:\/\/api.w.org\/{rel}","templated":true}]}}