{"id":2795,"date":"2024-12-13T19:07:51","date_gmt":"2024-12-13T18:07:51","guid":{"rendered":"https:\/\/bijouxkabyles.fr\/?post_type=product&#038;p=2795"},"modified":"2024-12-13T19:07:51","modified_gmt":"2024-12-13T18:07:51","slug":"bijoux-en-argent-13","status":"publish","type":"product","link":"https:\/\/bijouxkabyles.fr\/?product=bijoux-en-argent-13","title":{"rendered":"Bijoux en Argent"},"content":{"rendered":"<p>\ud83c\udf38 Parure Kabyle Douceur Rouge en Argent \ud83c\udf38<br \/>\nAjoutez une touche de raffinement \u00e0 votre collection avec cette parure en argent et corail rouge, d\u00e9licate et \u00e9l\u00e9gante. \ud83c\udf3f\ud83d\udc8e<\/p>\n<p>\ud83d\udd34 Corail Rouge V\u00e9ritable : Une touche vive et pleine d\u2019\u00e9nergie \ud83d\udd25\ud83d\udc96<br \/>\n\u26aa Argent Sculpt\u00e9 \u00e0 la Main : Un art kabyle qui raconte une histoire \u2728\ud83d\udd17<br \/>\n\ud83c\udf80 L\u00e9g\u00e8ret\u00e9 et Sophistication : Une pi\u00e8ce id\u00e9ale pour un style quotidien ou chic \ud83c\udf38\ud83d\udc83<\/p>\n<p>Portez la tradition avec gr\u00e2ce et subtilit\u00e9. \ud83c\udf1f\ud83d\udc93<\/p>\n","protected":false},"excerpt":{"rendered":"<p>\ud83c\udf38 Parure Kabyle Douceur Rouge en Argent \ud83c\udf38 Ajoutez une touche de raffinement \u00e0 votre collection avec cette parure en argent et corail rouge, d\u00e9licate et \u00e9l\u00e9gante. \ud83c\udf3f\ud83d\udc8e \ud83d\udd34 Corail Rouge V\u00e9ritable : Une touche vive et pleine d\u2019\u00e9nergie \ud83d\udd25\ud83d\udc96 \u26aa Argent Sculpt\u00e9 \u00e0 la Main : Un art kabyle qui raconte une histoire \u2728\ud83d\udd17 [&hellip;]<\/p>\n","protected":false},"featured_media":2796,"comment_status":"closed","ping_status":"closed","template":"","meta":{"ocean_post_layout":"","ocean_both_sidebars_style":"","ocean_both_sidebars_content_width":0,"ocean_both_sidebars_sidebars_width":0,"ocean_sidebar":"0","ocean_second_sidebar":"0","ocean_disable_margins":"enable","ocean_add_body_class":"","ocean_shortcode_before_top_bar":"","ocean_shortcode_after_top_bar":"","ocean_shortcode_before_header":"","ocean_shortcode_after_header":"","ocean_has_shortcode":"","ocean_shortcode_after_title":"","ocean_shortcode_before_footer_widgets":"","ocean_shortcode_after_footer_widgets":"","ocean_shortcode_before_footer_bottom":"","ocean_shortcode_after_footer_bottom":"","ocean_display_top_bar":"default","ocean_display_header":"default","ocean_header_style":"","ocean_center_header_left_menu":"0","ocean_custom_header_template":"0","ocean_custom_logo":0,"ocean_custom_retina_logo":0,"ocean_custom_logo_max_width":0,"ocean_custom_logo_tablet_max_width":0,"ocean_custom_logo_mobile_max_width":0,"ocean_custom_logo_max_height":0,"ocean_custom_logo_tablet_max_height":0,"ocean_custom_logo_mobile_max_height":0,"ocean_header_custom_menu":"0","ocean_menu_typo_font_family":"0","ocean_menu_typo_font_subset":"","ocean_menu_typo_font_size":0,"ocean_menu_typo_font_size_tablet":0,"ocean_menu_typo_font_size_mobile":0,"ocean_menu_typo_font_size_unit":"px","ocean_menu_typo_font_weight":"","ocean_menu_typo_font_weight_tablet":"","ocean_menu_typo_font_weight_mobile":"","ocean_menu_typo_transform":"","ocean_menu_typo_transform_tablet":"","ocean_menu_typo_transform_mobile":"","ocean_menu_typo_line_height":0,"ocean_menu_typo_line_height_tablet":0,"ocean_menu_typo_line_height_mobile":0,"ocean_menu_typo_line_height_unit":"","ocean_menu_typo_spacing":0,"ocean_menu_typo_spacing_tablet":0,"ocean_menu_typo_spacing_mobile":0,"ocean_menu_typo_spacing_unit":"","ocean_menu_link_color":"","ocean_menu_link_color_hover":"","ocean_menu_link_color_active":"","ocean_menu_link_background":"","ocean_menu_link_hover_background":"","ocean_menu_link_active_background":"","ocean_menu_social_links_bg":"","ocean_menu_social_hover_links_bg":"","ocean_menu_social_links_color":"","ocean_menu_social_hover_links_color":"","ocean_disable_title":"default","ocean_disable_heading":"default","ocean_post_title":"","ocean_post_subheading":"","ocean_post_title_style":"","ocean_post_title_background_color":"","ocean_post_title_background":0,"ocean_post_title_bg_image_position":"","ocean_post_title_bg_image_attachment":"","ocean_post_title_bg_image_repeat":"","ocean_post_title_bg_image_size":"","ocean_post_title_height":0,"ocean_post_title_bg_overlay":0.5,"ocean_post_title_bg_overlay_color":"","ocean_disable_breadcrumbs":"default","ocean_breadcrumbs_color":"","ocean_breadcrumbs_separator_color":"","ocean_breadcrumbs_links_color":"","ocean_breadcrumbs_links_hover_color":"","ocean_display_footer_widgets":"default","ocean_display_footer_bottom":"default","ocean_custom_footer_template":"0"},"product_brand":[],"product_cat":[15],"product_tag":[],"class_list":{"0":"post-2795","1":"product","2":"type-product","3":"status-publish","4":"has-post-thumbnail","6":"product_cat-non-classe","8":"entry","9":"has-media","11":"first","12":"instock","13":"taxable","14":"shipping-taxable","15":"purchasable","16":"product-type-simple","17":"has-product-nav","18":"col","19":"span_1_of_3","20":"owp-content-center","21":"owp-thumbs-layout-horizontal","22":"owp-btn-normal","23":"owp-tabs-layout-horizontal","25":"circle-sale"},"_links":{"self":[{"href":"https:\/\/bijouxkabyles.fr\/index.php?rest_route=\/wp\/v2\/product\/2795"}],"collection":[{"href":"https:\/\/bijouxkabyles.fr\/index.php?rest_route=\/wp\/v2\/product"}],"about":[{"href":"https:\/\/bijouxkabyles.fr\/index.php?rest_route=\/wp\/v2\/types\/product"}],"replies":[{"embeddable":true,"href":"https:\/\/bijouxkabyles.fr\/index.php?rest_route=%2Fwp%2Fv2%2Fcomments&post=2795"}],"wp:featuredmedia":[{"embeddable":true,"href":"https:\/\/bijouxkabyles.fr\/index.php?rest_route=\/wp\/v2\/media\/2796"}],"wp:attachment":[{"href":"https:\/\/bijouxkabyles.fr\/index.php?rest_route=%2Fwp%2Fv2%2Fmedia&parent=2795"}],"wp:term":[{"taxonomy":"product_brand","embeddable":true,"href":"https:\/\/bijouxkabyles.fr\/index.php?rest_route=%2Fwp%2Fv2%2Fproduct_brand&post=2795"},{"taxonomy":"product_cat","embeddable":true,"href":"https:\/\/bijouxkabyles.fr\/index.php?rest_route=%2Fwp%2Fv2%2Fproduct_cat&post=2795"},{"taxonomy":"product_tag","embeddable":true,"href":"https:\/\/bijouxkabyles.fr\/index.php?rest_route=%2Fwp%2Fv2%2Fproduct_tag&post=2795"}],"curies":[{"name":"wp","href":"https:\/\/api.w.org\/{rel}","templated":true}]}}