{"id":3062,"date":"2024-12-26T11:26:56","date_gmt":"2024-12-26T10:26:56","guid":{"rendered":"https:\/\/bijouxkabyles.fr\/?post_type=product&#038;p=3062"},"modified":"2025-01-09T22:36:18","modified_gmt":"2025-01-09T21:36:18","slug":"collier-en-argent-4","status":"publish","type":"product","link":"https:\/\/bijouxkabyles.fr\/?product=collier-en-argent-4","title":{"rendered":"Collier en Argent"},"content":{"rendered":"<p>\ud83d\udc8e Collier \u00c9l\u00e9gance Classique \ud83d\udc8e<br \/>\nCe magnifique collier en argent massif, orn\u00e9 d\u2019un pendentif d\u00e9licatement grav\u00e9, incarne la simplicit\u00e9 et le raffinement. \ud83c\udf1f Son design intemporel s\u2019adapte \u00e0 toutes les occasions, que ce soit pour une journ\u00e9e au bureau ou une soir\u00e9e \u00e9l\u00e9gante. \ud83c\udf19\ud83d\udcbc Sa brillance subtile refl\u00e8te la lumi\u00e8re avec charme et discr\u00e9tion, faisant de ce bijou un incontournable pour celles qui recherchent l\u2019\u00e9l\u00e9gance au quotidien. \u2728<\/p>\n","protected":false},"excerpt":{"rendered":"<p>\ud83d\udc8e Collier \u00c9l\u00e9gance Classique \ud83d\udc8e Ce magnifique collier en argent massif, orn\u00e9 d\u2019un pendentif d\u00e9licatement grav\u00e9, incarne la simplicit\u00e9 et le raffinement. \ud83c\udf1f Son design intemporel s\u2019adapte \u00e0 toutes les occasions, que ce soit pour une journ\u00e9e au bureau ou une soir\u00e9e \u00e9l\u00e9gante. \ud83c\udf19\ud83d\udcbc Sa brillance subtile refl\u00e8te la lumi\u00e8re avec charme et discr\u00e9tion, faisant [&hellip;]<\/p>\n","protected":false},"featured_media":3070,"comment_status":"closed","ping_status":"closed","template":"","meta":{"ocean_post_layout":"","ocean_both_sidebars_style":"","ocean_both_sidebars_content_width":0,"ocean_both_sidebars_sidebars_width":0,"ocean_sidebar":"0","ocean_second_sidebar":"0","ocean_disable_margins":"enable","ocean_add_body_class":"","ocean_shortcode_before_top_bar":"","ocean_shortcode_after_top_bar":"","ocean_shortcode_before_header":"","ocean_shortcode_after_header":"","ocean_has_shortcode":"","ocean_shortcode_after_title":"","ocean_shortcode_before_footer_widgets":"","ocean_shortcode_after_footer_widgets":"","ocean_shortcode_before_footer_bottom":"","ocean_shortcode_after_footer_bottom":"","ocean_display_top_bar":"default","ocean_display_header":"default","ocean_header_style":"","ocean_center_header_left_menu":"0","ocean_custom_header_template":"0","ocean_custom_logo":0,"ocean_custom_retina_logo":0,"ocean_custom_logo_max_width":0,"ocean_custom_logo_tablet_max_width":0,"ocean_custom_logo_mobile_max_width":0,"ocean_custom_logo_max_height":0,"ocean_custom_logo_tablet_max_height":0,"ocean_custom_logo_mobile_max_height":0,"ocean_header_custom_menu":"0","ocean_menu_typo_font_family":"0","ocean_menu_typo_font_subset":"","ocean_menu_typo_font_size":0,"ocean_menu_typo_font_size_tablet":0,"ocean_menu_typo_font_size_mobile":0,"ocean_menu_typo_font_size_unit":"px","ocean_menu_typo_font_weight":"","ocean_menu_typo_font_weight_tablet":"","ocean_menu_typo_font_weight_mobile":"","ocean_menu_typo_transform":"","ocean_menu_typo_transform_tablet":"","ocean_menu_typo_transform_mobile":"","ocean_menu_typo_line_height":0,"ocean_menu_typo_line_height_tablet":0,"ocean_menu_typo_line_height_mobile":0,"ocean_menu_typo_line_height_unit":"","ocean_menu_typo_spacing":0,"ocean_menu_typo_spacing_tablet":0,"ocean_menu_typo_spacing_mobile":0,"ocean_menu_typo_spacing_unit":"","ocean_menu_link_color":"","ocean_menu_link_color_hover":"","ocean_menu_link_color_active":"","ocean_menu_link_background":"","ocean_menu_link_hover_background":"","ocean_menu_link_active_background":"","ocean_menu_social_links_bg":"","ocean_menu_social_hover_links_bg":"","ocean_menu_social_links_color":"","ocean_menu_social_hover_links_color":"","ocean_disable_title":"default","ocean_disable_heading":"default","ocean_post_title":"","ocean_post_subheading":"","ocean_post_title_style":"","ocean_post_title_background_color":"","ocean_post_title_background":0,"ocean_post_title_bg_image_position":"","ocean_post_title_bg_image_attachment":"","ocean_post_title_bg_image_repeat":"","ocean_post_title_bg_image_size":"","ocean_post_title_height":0,"ocean_post_title_bg_overlay":0.5,"ocean_post_title_bg_overlay_color":"","ocean_disable_breadcrumbs":"default","ocean_breadcrumbs_color":"","ocean_breadcrumbs_separator_color":"","ocean_breadcrumbs_links_color":"","ocean_breadcrumbs_links_hover_color":"","ocean_display_footer_widgets":"default","ocean_display_footer_bottom":"default","ocean_custom_footer_template":"0"},"product_brand":[],"product_cat":[15],"product_tag":[],"class_list":{"0":"post-3062","1":"product","2":"type-product","3":"status-publish","4":"has-post-thumbnail","6":"product_cat-non-classe","8":"entry","9":"has-media","11":"first","12":"outofstock","13":"taxable","14":"shipping-taxable","15":"purchasable","16":"product-type-simple","17":"has-product-nav","18":"col","19":"span_1_of_3","20":"owp-content-center","21":"owp-thumbs-layout-horizontal","22":"owp-btn-normal","23":"owp-tabs-layout-horizontal","25":"circle-sale"},"_links":{"self":[{"href":"https:\/\/bijouxkabyles.fr\/index.php?rest_route=\/wp\/v2\/product\/3062"}],"collection":[{"href":"https:\/\/bijouxkabyles.fr\/index.php?rest_route=\/wp\/v2\/product"}],"about":[{"href":"https:\/\/bijouxkabyles.fr\/index.php?rest_route=\/wp\/v2\/types\/product"}],"replies":[{"embeddable":true,"href":"https:\/\/bijouxkabyles.fr\/index.php?rest_route=%2Fwp%2Fv2%2Fcomments&post=3062"}],"wp:featuredmedia":[{"embeddable":true,"href":"https:\/\/bijouxkabyles.fr\/index.php?rest_route=\/wp\/v2\/media\/3070"}],"wp:attachment":[{"href":"https:\/\/bijouxkabyles.fr\/index.php?rest_route=%2Fwp%2Fv2%2Fmedia&parent=3062"}],"wp:term":[{"taxonomy":"product_brand","embeddable":true,"href":"https:\/\/bijouxkabyles.fr\/index.php?rest_route=%2Fwp%2Fv2%2Fproduct_brand&post=3062"},{"taxonomy":"product_cat","embeddable":true,"href":"https:\/\/bijouxkabyles.fr\/index.php?rest_route=%2Fwp%2Fv2%2Fproduct_cat&post=3062"},{"taxonomy":"product_tag","embeddable":true,"href":"https:\/\/bijouxkabyles.fr\/index.php?rest_route=%2Fwp%2Fv2%2Fproduct_tag&post=3062"}],"curies":[{"name":"wp","href":"https:\/\/api.w.org\/{rel}","templated":true}]}}